{"id":2811,"date":"2024-09-02T15:55:49","date_gmt":"2024-09-02T13:55:49","guid":{"rendered":"https:\/\/www.coffeeshopcompany.com\/menu\/hot-cold-drinks\/peach-berry-cooler-special\/"},"modified":"2024-09-02T15:57:27","modified_gmt":"2024-09-02T13:57:27","slug":"peach-berry-cooler-special","status":"publish","type":"page","link":"https:\/\/www.coffeeshopcompany.com\/en\/menu\/hot-cold-drinks\/peach-berry-cooler-special\/","title":{"rendered":"Peach &amp; Berry Cooler &#8211; Special"},"content":{"rendered":"\n<h3 class=\"wp-block-heading\">N\u00e4hrwerte<\/h3>\n\n<div class=\"table-responsive\">\n<table class=\"table text-white fs-sm\">\n  <tbody>\n    <tr>\n      <th scope=\"row\"><b>N\u00c4HRWERTDEKLARATION \u00d8 \/ 100ML<\/b><\/th>\n      <td>Energie <\/td>\n      <td>443,07 kj \/ 105,49 kcal<\/td>\n      <td>Zucker<\/td>\n      <td>5,35 g<\/td>\n    <\/tr>\n    <tr>\n      <th scope=\"row\"><\/th>\n      <td>Fett<\/td>\n      <td>5,55 g<\/td>\n      <td>Proteine<\/td>\n      <td>2,68 g<\/td>\n    <\/tr>\n    <tr>\n      <th scope=\"row\"><\/th>\n      <td>Ges\u00e4ttigte Fetts\u00e4uren<\/td>\n      <td>3,26 g<\/td>\n      <td>Salz<\/td>\n      <td>0,08 g<\/td>\n    <\/tr>\n    <tr>\n      <th scope=\"row\"><\/th>\n      <td>Kohlenhydrate<\/td>\n      <td>10,83 g<\/td>\n      <td><\/td>\n      <td><\/td>\n      <td><\/td>\n      <td><\/td>\n    <\/tr>\n    <tr>\n      <th scope=\"row\"><b>ALLERGENE<\/b><\/th>\n      <td>G<\/td>\n      <td><\/td>\n      <td><\/td>\n      <td><\/td>\n    <\/tr>\n  <\/tbody>\n<\/table>\n<\/div>\n","protected":false},"excerpt":{"rendered":"N\u00e4hrwerte N\u00c4HRWERTDEKLARATION \u00d8 \/ 100ML Energie 443,07 kj \/ 105,49 kcal Zucker 5,35 g Fett 5,55 g Proteine 2,68 g Ges\u00e4ttigte Fetts\u00e4uren 3,26 g Salz 0,08 g Kohlenhydrate 10,83 g ALLERGENE G","protected":false},"author":1,"featured_media":0,"parent":2809,"menu_order":0,"comment_status":"closed","ping_status":"closed","template":"page-produkt.php","meta":{"footnotes":""},"class_list":["post-2811","page","type-page","status-publish","hentry"],"acf":[],"yoast_head":"<!-- This site is optimized with the Yoast SEO plugin v27.2 - https:\/\/yoast.com\/product\/yoast-seo-wordpress\/ -->\n<title>Peach &amp; Berry Cooler - Special | COFFEESHOP COMPANY\u00ae<\/title>\n<meta name=\"description\" content=\"A refreshing blend of juicy peaches and summery berries that provides a sweet and cool explosion of flavor - the perfect drink for warm days!\" \/>\n<meta name=\"robots\" content=\"index, follow, max-snippet:-1, max-image-preview:large, max-video-preview:-1\" \/>\n<link rel=\"canonical\" href=\"https:\/\/www.coffeeshopcompany.com\/en\/menu\/hot-cold-drinks\/peach-berry-cooler-special\/\" \/>\n<meta property=\"og:locale\" content=\"en_US\" \/>\n<meta property=\"og:type\" content=\"article\" \/>\n<meta property=\"og:title\" content=\"Peach &amp; Berry Cooler - Special | COFFEESHOP COMPANY\u00ae\" \/>\n<meta property=\"og:description\" content=\"A refreshing blend of juicy peaches and summery berries that provides a sweet and cool explosion of flavor - the perfect drink for warm days!\" \/>\n<meta property=\"og:url\" content=\"https:\/\/www.coffeeshopcompany.com\/en\/menu\/hot-cold-drinks\/peach-berry-cooler-special\/\" \/>\n<meta property=\"og:site_name\" content=\"Coffeeshop Company\" \/>\n<meta property=\"article:modified_time\" content=\"2024-09-02T13:57:27+00:00\" \/>\n<meta name=\"twitter:card\" content=\"summary_large_image\" \/>\n<meta name=\"twitter:label1\" content=\"Est. reading time\" \/>\n\t<meta name=\"twitter:data1\" content=\"1 minute\" \/>\n<script type=\"application\/ld+json\" class=\"yoast-schema-graph\">{\"@context\":\"https:\/\/schema.org\",\"@graph\":[{\"@type\":\"WebPage\",\"@id\":\"https:\/\/www.coffeeshopcompany.com\/en\/menu\/hot-cold-drinks\/peach-berry-cooler-special\/\",\"url\":\"https:\/\/www.coffeeshopcompany.com\/en\/menu\/hot-cold-drinks\/peach-berry-cooler-special\/\",\"name\":\"Peach &amp; Berry Cooler - Special | COFFEESHOP COMPANY\u00ae\",\"isPartOf\":{\"@id\":\"https:\/\/www.coffeeshopcompany.com\/en\/#website\"},\"datePublished\":\"2024-09-02T13:55:49+00:00\",\"dateModified\":\"2024-09-02T13:57:27+00:00\",\"description\":\"A refreshing blend of juicy peaches and summery berries that provides a sweet and cool explosion of flavor - the perfect drink for warm days!\",\"breadcrumb\":{\"@id\":\"https:\/\/www.coffeeshopcompany.com\/en\/menu\/hot-cold-drinks\/peach-berry-cooler-special\/#breadcrumb\"},\"inLanguage\":\"en-US\",\"potentialAction\":[{\"@type\":\"ReadAction\",\"target\":[\"https:\/\/www.coffeeshopcompany.com\/en\/menu\/hot-cold-drinks\/peach-berry-cooler-special\/\"]}]},{\"@type\":\"BreadcrumbList\",\"@id\":\"https:\/\/www.coffeeshopcompany.com\/en\/menu\/hot-cold-drinks\/peach-berry-cooler-special\/#breadcrumb\",\"itemListElement\":[{\"@type\":\"ListItem\",\"position\":1,\"name\":\"Startseite\",\"item\":\"https:\/\/www.coffeeshopcompany.com\/en\/\"},{\"@type\":\"ListItem\",\"position\":2,\"name\":\"Menu\",\"item\":\"https:\/\/www.coffeeshopcompany.com\/en\/menu\/\"},{\"@type\":\"ListItem\",\"position\":3,\"name\":\"Hot &#038; Cold Drinks\",\"item\":\"https:\/\/www.coffeeshopcompany.com\/en\/menue\/hot-cold-drinks\/\"},{\"@type\":\"ListItem\",\"position\":4,\"name\":\"Peach &amp; Berry Cooler &#8211; Special\"}]},{\"@type\":\"WebSite\",\"@id\":\"https:\/\/www.coffeeshopcompany.com\/en\/#website\",\"url\":\"https:\/\/www.coffeeshopcompany.com\/en\/\",\"name\":\"Coffeeshop Company\",\"description\":\"\",\"potentialAction\":[{\"@type\":\"SearchAction\",\"target\":{\"@type\":\"EntryPoint\",\"urlTemplate\":\"https:\/\/www.coffeeshopcompany.com\/en\/?s={search_term_string}\"},\"query-input\":{\"@type\":\"PropertyValueSpecification\",\"valueRequired\":true,\"valueName\":\"search_term_string\"}}],\"inLanguage\":\"en-US\"}]}<\/script>\n<!-- \/ Yoast SEO plugin. -->","yoast_head_json":{"title":"Peach &amp; Berry Cooler - Special | COFFEESHOP COMPANY\u00ae","description":"A refreshing blend of juicy peaches and summery berries that provides a sweet and cool explosion of flavor - the perfect drink for warm days!","robots":{"index":"index","follow":"follow","max-snippet":"max-snippet:-1","max-image-preview":"max-image-preview:large","max-video-preview":"max-video-preview:-1"},"canonical":"https:\/\/www.coffeeshopcompany.com\/en\/menu\/hot-cold-drinks\/peach-berry-cooler-special\/","og_locale":"en_US","og_type":"article","og_title":"Peach &amp; Berry Cooler - Special | COFFEESHOP COMPANY\u00ae","og_description":"A refreshing blend of juicy peaches and summery berries that provides a sweet and cool explosion of flavor - the perfect drink for warm days!","og_url":"https:\/\/www.coffeeshopcompany.com\/en\/menu\/hot-cold-drinks\/peach-berry-cooler-special\/","og_site_name":"Coffeeshop Company","article_modified_time":"2024-09-02T13:57:27+00:00","twitter_card":"summary_large_image","twitter_misc":{"Est. reading time":"1 minute"},"schema":{"@context":"https:\/\/schema.org","@graph":[{"@type":"WebPage","@id":"https:\/\/www.coffeeshopcompany.com\/en\/menu\/hot-cold-drinks\/peach-berry-cooler-special\/","url":"https:\/\/www.coffeeshopcompany.com\/en\/menu\/hot-cold-drinks\/peach-berry-cooler-special\/","name":"Peach &amp; Berry Cooler - Special | COFFEESHOP COMPANY\u00ae","isPartOf":{"@id":"https:\/\/www.coffeeshopcompany.com\/en\/#website"},"datePublished":"2024-09-02T13:55:49+00:00","dateModified":"2024-09-02T13:57:27+00:00","description":"A refreshing blend of juicy peaches and summery berries that provides a sweet and cool explosion of flavor - the perfect drink for warm days!","breadcrumb":{"@id":"https:\/\/www.coffeeshopcompany.com\/en\/menu\/hot-cold-drinks\/peach-berry-cooler-special\/#breadcrumb"},"inLanguage":"en-US","potentialAction":[{"@type":"ReadAction","target":["https:\/\/www.coffeeshopcompany.com\/en\/menu\/hot-cold-drinks\/peach-berry-cooler-special\/"]}]},{"@type":"BreadcrumbList","@id":"https:\/\/www.coffeeshopcompany.com\/en\/menu\/hot-cold-drinks\/peach-berry-cooler-special\/#breadcrumb","itemListElement":[{"@type":"ListItem","position":1,"name":"Startseite","item":"https:\/\/www.coffeeshopcompany.com\/en\/"},{"@type":"ListItem","position":2,"name":"Menu","item":"https:\/\/www.coffeeshopcompany.com\/en\/menu\/"},{"@type":"ListItem","position":3,"name":"Hot &#038; Cold Drinks","item":"https:\/\/www.coffeeshopcompany.com\/en\/menue\/hot-cold-drinks\/"},{"@type":"ListItem","position":4,"name":"Peach &amp; Berry Cooler &#8211; Special"}]},{"@type":"WebSite","@id":"https:\/\/www.coffeeshopcompany.com\/en\/#website","url":"https:\/\/www.coffeeshopcompany.com\/en\/","name":"Coffeeshop Company","description":"","potentialAction":[{"@type":"SearchAction","target":{"@type":"EntryPoint","urlTemplate":"https:\/\/www.coffeeshopcompany.com\/en\/?s={search_term_string}"},"query-input":{"@type":"PropertyValueSpecification","valueRequired":true,"valueName":"search_term_string"}}],"inLanguage":"en-US"}]}},"_links":{"self":[{"href":"https:\/\/www.coffeeshopcompany.com\/en\/wp-json\/wp\/v2\/pages\/2811","targetHints":{"allow":["GET"]}}],"collection":[{"href":"https:\/\/www.coffeeshopcompany.com\/en\/wp-json\/wp\/v2\/pages"}],"about":[{"href":"https:\/\/www.coffeeshopcompany.com\/en\/wp-json\/wp\/v2\/types\/page"}],"author":[{"embeddable":true,"href":"https:\/\/www.coffeeshopcompany.com\/en\/wp-json\/wp\/v2\/users\/1"}],"replies":[{"embeddable":true,"href":"https:\/\/www.coffeeshopcompany.com\/en\/wp-json\/wp\/v2\/comments?post=2811"}],"version-history":[{"count":7,"href":"https:\/\/www.coffeeshopcompany.com\/en\/wp-json\/wp\/v2\/pages\/2811\/revisions"}],"predecessor-version":[{"id":3874,"href":"https:\/\/www.coffeeshopcompany.com\/en\/wp-json\/wp\/v2\/pages\/2811\/revisions\/3874"}],"up":[{"embeddable":true,"href":"https:\/\/www.coffeeshopcompany.com\/en\/wp-json\/wp\/v2\/pages\/2809"}],"wp:attachment":[{"href":"https:\/\/www.coffeeshopcompany.com\/en\/wp-json\/wp\/v2\/media?parent=2811"}],"curies":[{"name":"wp","href":"https:\/\/api.w.org\/{rel}","templated":true}]}}